{"id":587,"date":"2026-03-25T13:01:02","date_gmt":"2026-03-25T18:01:02","guid":{"rendered":"https:\/\/nexusempresa.com\/notasvallenatas\/product\/clases-de-acordeon-vallenato-virtual\/"},"modified":"2026-03-25T13:11:13","modified_gmt":"2026-03-25T18:11:13","slug":"clases-de-acordeon-vallenato-virtual","status":"publish","type":"product","link":"https:\/\/nexusempresa.com\/notasvallenatas\/product\/clases-de-acordeon-vallenato-virtual\/","title":{"rendered":"Clases de Acorde\u00f3n Vallenato (Virtual)"},"content":{"rendered":"<p>Domina el instrumento rey del vallenato. 4 horas de clases online 1 a 1 con un maestro certificado. Aprender\u00e1s pitos, bajos y tu primera canci\u00f3n folcl\u00f3rica.<\/p>\n","protected":false},"excerpt":{"rendered":"<p>Paquete de 4 clases virtuales para aprender a tocar el acorde\u00f3n.<\/p>\n","protected":false},"featured_media":597,"comment_status":"open","ping_status":"closed","template":"","meta":{"_uag_custom_page_level_css":"","site-sidebar-layout":"default","site-content-layout":"","ast-site-content-layout":"default","site-content-style":"default","site-sidebar-style":"default","ast-global-header-display":"","ast-banner-title-visibility":"","ast-main-header-display":"","ast-hfb-above-header-display":"","ast-hfb-below-header-display":"","ast-hfb-mobile-header-display":"","site-post-title":"","ast-breadcrumbs-content":"","ast-featured-img":"","footer-sml-layout":"","ast-disable-related-posts":"","theme-transparent-header-meta":"default","adv-header-id-meta":"","stick-header-meta":"","header-above-stick-meta":"","header-main-stick-meta":"","header-below-stick-meta":"","astra-migrate-meta-layouts":"set","ast-page-background-enabled":"default","ast-page-background-meta":{"desktop":{"background-color":"var(--ast-global-color-4)","background-image":"","background-repeat":"repeat","background-position":"center center","background-size":"auto","background-attachment":"scroll","background-type":"","background-media":"","overlay-type":"","overlay-color":"","overlay-opacity":"","overlay-gradient":""},"tablet":{"background-color":"","background-image":"","background-repeat":"repeat","background-position":"center center","background-size":"auto","background-attachment":"scroll","background-type":"","background-media":"","overlay-type":"","overlay-color":"","overlay-opacity":"","overlay-gradient":""},"mobile":{"background-color":"","background-image":"","background-repeat":"repeat","background-position":"center center","background-size":"auto","background-attachment":"scroll","background-type":"","background-media":"","overlay-type":"","overlay-color":"","overlay-opacity":"","overlay-gradient":""}},"ast-content-background-meta":{"desktop":{"background-color":"var(--ast-global-color-5)","background-image":"","background-repeat":"repeat","background-position":"center center","background-size":"auto","background-attachment":"scroll","background-type":"","background-media":"","overlay-type":"","overlay-color":"","overlay-opacity":"","overlay-gradient":""},"tablet":{"background-color":"var(--ast-global-color-5)","background-image":"","background-repeat":"repeat","background-position":"center center","background-size":"auto","background-attachment":"scroll","background-type":"","background-media":"","overlay-type":"","overlay-color":"","overlay-opacity":"","overlay-gradient":""},"mobile":{"background-color":"var(--ast-global-color-5)","background-image":"","background-repeat":"repeat","background-position":"center center","background-size":"auto","background-attachment":"scroll","background-type":"","background-media":"","overlay-type":"","overlay-color":"","overlay-opacity":"","overlay-gradient":""}}},"product_brand":[],"product_cat":[30,26],"product_tag":[],"class_list":{"0":"post-587","1":"product","2":"type-product","3":"status-publish","4":"has-post-thumbnail","6":"product_cat-academia","7":"product_cat-servicios","8":"desktop-align-left","9":"tablet-align-left","10":"mobile-align-left","12":"first","13":"instock","14":"taxable","15":"shipping-taxable","16":"purchasable","17":"product-type-simple"},"uagb_featured_image_src":{"full":["https:\/\/nexusempresa.com\/notasvallenatas\/wp-content\/uploads\/2026\/03\/pexels-photo-5159078-5159078-scaled.jpg",2560,1707,false],"thumbnail":["https:\/\/nexusempresa.com\/notasvallenatas\/wp-content\/uploads\/2026\/03\/pexels-photo-5159078-5159078-150x150.jpg",150,150,true],"medium":["https:\/\/nexusempresa.com\/notasvallenatas\/wp-content\/uploads\/2026\/03\/pexels-photo-5159078-5159078-300x200.jpg",300,200,true],"medium_large":["https:\/\/nexusempresa.com\/notasvallenatas\/wp-content\/uploads\/2026\/03\/pexels-photo-5159078-5159078-768x512.jpg",768,512,true],"large":["https:\/\/nexusempresa.com\/notasvallenatas\/wp-content\/uploads\/2026\/03\/pexels-photo-5159078-5159078-1024x683.jpg",1024,683,true],"1536x1536":["https:\/\/nexusempresa.com\/notasvallenatas\/wp-content\/uploads\/2026\/03\/pexels-photo-5159078-5159078-1536x1024.jpg",1536,1024,true],"2048x2048":["https:\/\/nexusempresa.com\/notasvallenatas\/wp-content\/uploads\/2026\/03\/pexels-photo-5159078-5159078-2048x1365.jpg",2048,1365,true],"woocommerce_thumbnail":["https:\/\/nexusempresa.com\/notasvallenatas\/wp-content\/uploads\/2026\/03\/pexels-photo-5159078-5159078-300x300.jpg",300,300,true],"woocommerce_single":["https:\/\/nexusempresa.com\/notasvallenatas\/wp-content\/uploads\/2026\/03\/pexels-photo-5159078-5159078-600x400.jpg",600,400,true],"woocommerce_gallery_thumbnail":["https:\/\/nexusempresa.com\/notasvallenatas\/wp-content\/uploads\/2026\/03\/pexels-photo-5159078-5159078-100x100.jpg",100,100,true]},"uagb_author_info":{"display_name":"dtqykeex69ms","author_link":"https:\/\/nexusempresa.com\/notasvallenatas\/author\/"},"uagb_comment_info":0,"uagb_excerpt":"Paquete de 4 clases virtuales para aprender a tocar el acorde\u00f3n.","_links":{"self":[{"href":"https:\/\/nexusempresa.com\/notasvallenatas\/wp-json\/wp\/v2\/product\/587","targetHints":{"allow":["GET"]}}],"collection":[{"href":"https:\/\/nexusempresa.com\/notasvallenatas\/wp-json\/wp\/v2\/product"}],"about":[{"href":"https:\/\/nexusempresa.com\/notasvallenatas\/wp-json\/wp\/v2\/types\/product"}],"replies":[{"embeddable":true,"href":"https:\/\/nexusempresa.com\/notasvallenatas\/wp-json\/wp\/v2\/comments?post=587"}],"wp:featuredmedia":[{"embeddable":true,"href":"https:\/\/nexusempresa.com\/notasvallenatas\/wp-json\/wp\/v2\/media\/597"}],"wp:attachment":[{"href":"https:\/\/nexusempresa.com\/notasvallenatas\/wp-json\/wp\/v2\/media?parent=587"}],"wp:term":[{"taxonomy":"product_brand","embeddable":true,"href":"https:\/\/nexusempresa.com\/notasvallenatas\/wp-json\/wp\/v2\/product_brand?post=587"},{"taxonomy":"product_cat","embeddable":true,"href":"https:\/\/nexusempresa.com\/notasvallenatas\/wp-json\/wp\/v2\/product_cat?post=587"},{"taxonomy":"product_tag","embeddable":true,"href":"https:\/\/nexusempresa.com\/notasvallenatas\/wp-json\/wp\/v2\/product_tag?post=587"}],"curies":[{"name":"wp","href":"https:\/\/api.w.org\/{rel}","templated":true}]}}