{"id":588,"date":"2026-03-25T13:01:03","date_gmt":"2026-03-25T18:01:03","guid":{"rendered":"https:\/\/nexusempresa.com\/notasvallenatas\/product\/clases-de-caja-y-guacharaca\/"},"modified":"2026-03-25T14:08:49","modified_gmt":"2026-03-25T19:08:49","slug":"clases-de-caja-y-guacharaca","status":"publish","type":"product","link":"https:\/\/nexusempresa.com\/notasvallenatas\/product\/clases-de-caja-y-guacharaca\/","title":{"rendered":"Clases de Caja y Guacharaca"},"content":{"rendered":"<p>Descubre el pulso del folclor en 4 clases virtuales pr\u00e1cticas y din\u00e1micas. Dominar\u00e1s los aires de Paseo, Merengue, Son y Puya desde la percusi\u00f3n tradicional.<\/p>\n","protected":false},"excerpt":{"rendered":"<p>Aprende la percusi\u00f3n vallenata desde casa.<\/p>\n","protected":false},"featured_media":263,"comment_status":"open","ping_status":"closed","template":"","meta":{"_uag_custom_page_level_css":"","site-sidebar-layout":"default","site-content-layout":"","ast-site-content-layout":"default","site-content-style":"default","site-sidebar-style":"default","ast-global-header-display":"","ast-banner-title-visibility":"","ast-main-header-display":"","ast-hfb-above-header-display":"","ast-hfb-below-header-display":"","ast-hfb-mobile-header-display":"","site-post-title":"","ast-breadcrumbs-content":"","ast-featured-img":"","footer-sml-layout":"","ast-disable-related-posts":"","theme-transparent-header-meta":"default","adv-header-id-meta":"","stick-header-meta":"","header-above-stick-meta":"","header-main-stick-meta":"","header-below-stick-meta":"","astra-migrate-meta-layouts":"set","ast-page-background-enabled":"default","ast-page-background-meta":{"desktop":{"background-color":"var(--ast-global-color-4)","background-image":"","background-repeat":"repeat","background-position":"center center","background-size":"auto","background-attachment":"scroll","background-type":"","background-media":"","overlay-type":"","overlay-color":"","overlay-opacity":"","overlay-gradient":""},"tablet":{"background-color":"","background-image":"","background-repeat":"repeat","background-position":"center center","background-size":"auto","background-attachment":"scroll","background-type":"","background-media":"","overlay-type":"","overlay-color":"","overlay-opacity":"","overlay-gradient":""},"mobile":{"background-color":"","background-image":"","background-repeat":"repeat","background-position":"center center","background-size":"auto","background-attachment":"scroll","background-type":"","background-media":"","overlay-type":"","overlay-color":"","overlay-opacity":"","overlay-gradient":""}},"ast-content-background-meta":{"desktop":{"background-color":"var(--ast-global-color-5)","background-image":"","background-repeat":"repeat","background-position":"center center","background-size":"auto","background-attachment":"scroll","background-type":"","background-media":"","overlay-type":"","overlay-color":"","overlay-opacity":"","overlay-gradient":""},"tablet":{"background-color":"var(--ast-global-color-5)","background-image":"","background-repeat":"repeat","background-position":"center center","background-size":"auto","background-attachment":"scroll","background-type":"","background-media":"","overlay-type":"","overlay-color":"","overlay-opacity":"","overlay-gradient":""},"mobile":{"background-color":"var(--ast-global-color-5)","background-image":"","background-repeat":"repeat","background-position":"center center","background-size":"auto","background-attachment":"scroll","background-type":"","background-media":"","overlay-type":"","overlay-color":"","overlay-opacity":"","overlay-gradient":""}}},"product_brand":[],"product_cat":[30,26],"product_tag":[],"class_list":{"0":"post-588","1":"product","2":"type-product","3":"status-publish","4":"has-post-thumbnail","6":"product_cat-academia","7":"product_cat-servicios","8":"desktop-align-left","9":"tablet-align-left","10":"mobile-align-left","12":"first","13":"instock","14":"taxable","15":"shipping-taxable","16":"purchasable","17":"product-type-simple"},"uagb_featured_image_src":{"full":["https:\/\/nexusempresa.com\/notasvallenatas\/wp-content\/uploads\/2025\/12\/percussion-drums-djembe-bell-jar-1420076.jpg",1280,905,false],"thumbnail":["https:\/\/nexusempresa.com\/notasvallenatas\/wp-content\/uploads\/2025\/12\/percussion-drums-djembe-bell-jar-1420076-150x150.jpg",150,150,true],"medium":["https:\/\/nexusempresa.com\/notasvallenatas\/wp-content\/uploads\/2025\/12\/percussion-drums-djembe-bell-jar-1420076-300x212.jpg",300,212,true],"medium_large":["https:\/\/nexusempresa.com\/notasvallenatas\/wp-content\/uploads\/2025\/12\/percussion-drums-djembe-bell-jar-1420076-768x543.jpg",768,543,true],"large":["https:\/\/nexusempresa.com\/notasvallenatas\/wp-content\/uploads\/2025\/12\/percussion-drums-djembe-bell-jar-1420076-1024x724.jpg",1024,724,true],"1536x1536":["https:\/\/nexusempresa.com\/notasvallenatas\/wp-content\/uploads\/2025\/12\/percussion-drums-djembe-bell-jar-1420076.jpg",1280,905,false],"2048x2048":["https:\/\/nexusempresa.com\/notasvallenatas\/wp-content\/uploads\/2025\/12\/percussion-drums-djembe-bell-jar-1420076.jpg",1280,905,false],"woocommerce_thumbnail":["https:\/\/nexusempresa.com\/notasvallenatas\/wp-content\/uploads\/2025\/12\/percussion-drums-djembe-bell-jar-1420076-300x300.jpg",300,300,true],"woocommerce_single":["https:\/\/nexusempresa.com\/notasvallenatas\/wp-content\/uploads\/2025\/12\/percussion-drums-djembe-bell-jar-1420076-600x424.jpg",600,424,true],"woocommerce_gallery_thumbnail":["https:\/\/nexusempresa.com\/notasvallenatas\/wp-content\/uploads\/2025\/12\/percussion-drums-djembe-bell-jar-1420076-100x100.jpg",100,100,true]},"uagb_author_info":{"display_name":"dtqykeex69ms","author_link":"https:\/\/nexusempresa.com\/notasvallenatas\/author\/"},"uagb_comment_info":0,"uagb_excerpt":"Aprende la percusi\u00f3n vallenata desde casa.","_links":{"self":[{"href":"https:\/\/nexusempresa.com\/notasvallenatas\/wp-json\/wp\/v2\/product\/588","targetHints":{"allow":["GET"]}}],"collection":[{"href":"https:\/\/nexusempresa.com\/notasvallenatas\/wp-json\/wp\/v2\/product"}],"about":[{"href":"https:\/\/nexusempresa.com\/notasvallenatas\/wp-json\/wp\/v2\/types\/product"}],"replies":[{"embeddable":true,"href":"https:\/\/nexusempresa.com\/notasvallenatas\/wp-json\/wp\/v2\/comments?post=588"}],"wp:featuredmedia":[{"embeddable":true,"href":"https:\/\/nexusempresa.com\/notasvallenatas\/wp-json\/wp\/v2\/media\/263"}],"wp:attachment":[{"href":"https:\/\/nexusempresa.com\/notasvallenatas\/wp-json\/wp\/v2\/media?parent=588"}],"wp:term":[{"taxonomy":"product_brand","embeddable":true,"href":"https:\/\/nexusempresa.com\/notasvallenatas\/wp-json\/wp\/v2\/product_brand?post=588"},{"taxonomy":"product_cat","embeddable":true,"href":"https:\/\/nexusempresa.com\/notasvallenatas\/wp-json\/wp\/v2\/product_cat?post=588"},{"taxonomy":"product_tag","embeddable":true,"href":"https:\/\/nexusempresa.com\/notasvallenatas\/wp-json\/wp\/v2\/product_tag?post=588"}],"curies":[{"name":"wp","href":"https:\/\/api.w.org\/{rel}","templated":true}]}}