{"id":600,"date":"2026-03-25T13:18:43","date_gmt":"2026-03-25T18:18:43","guid":{"rendered":"https:\/\/nexusempresa.com\/notasvallenatas\/product\/serenata-trio-vallenato-3-integrantes-con-sonido\/"},"modified":"2026-03-25T14:01:28","modified_gmt":"2026-03-25T19:01:28","slug":"serenata-trio-vallenato-3-integrantes-con-sonido","status":"publish","type":"product","link":"https:\/\/nexusempresa.com\/notasvallenatas\/product\/serenata-trio-vallenato-3-integrantes-con-sonido\/","title":{"rendered":"Serenata Tr\u00edo Vallenato (3 Integrantes) &#8211; Con Sonido"},"content":{"rendered":"<p>Ideal para patios o salones comunales medianos. 3 m\u00fasicos (Acorde\u00f3n, Caja y Guacharaca). INCLUYE: Cabina de sonido activa, micr\u00f3fonos, transporte en per\u00edmetro urbano y dedicaci\u00f3n especial cantada en vivo.<\/p>\n","protected":false},"excerpt":{"rendered":"<p>Tr\u00edo tradicional con micr\u00f3fono y cabina amplificada.<\/p>\n","protected":false},"featured_media":472,"comment_status":"open","ping_status":"closed","template":"","meta":{"_uag_custom_page_level_css":"","site-sidebar-layout":"default","site-content-layout":"","ast-site-content-layout":"default","site-content-style":"default","site-sidebar-style":"default","ast-global-header-display":"","ast-banner-title-visibility":"","ast-main-header-display":"","ast-hfb-above-header-display":"","ast-hfb-below-header-display":"","ast-hfb-mobile-header-display":"","site-post-title":"","ast-breadcrumbs-content":"","ast-featured-img":"","footer-sml-layout":"","ast-disable-related-posts":"","theme-transparent-header-meta":"default","adv-header-id-meta":"","stick-header-meta":"","header-above-stick-meta":"","header-main-stick-meta":"","header-below-stick-meta":"","astra-migrate-meta-layouts":"set","ast-page-background-enabled":"default","ast-page-background-meta":{"desktop":{"background-color":"var(--ast-global-color-4)","background-image":"","background-repeat":"repeat","background-position":"center center","background-size":"auto","background-attachment":"scroll","background-type":"","background-media":"","overlay-type":"","overlay-color":"","overlay-opacity":"","overlay-gradient":""},"tablet":{"background-color":"","background-image":"","background-repeat":"repeat","background-position":"center center","background-size":"auto","background-attachment":"scroll","background-type":"","background-media":"","overlay-type":"","overlay-color":"","overlay-opacity":"","overlay-gradient":""},"mobile":{"background-color":"","background-image":"","background-repeat":"repeat","background-position":"center center","background-size":"auto","background-attachment":"scroll","background-type":"","background-media":"","overlay-type":"","overlay-color":"","overlay-opacity":"","overlay-gradient":""}},"ast-content-background-meta":{"desktop":{"background-color":"var(--ast-global-color-5)","background-image":"","background-repeat":"repeat","background-position":"center center","background-size":"auto","background-attachment":"scroll","background-type":"","background-media":"","overlay-type":"","overlay-color":"","overlay-opacity":"","overlay-gradient":""},"tablet":{"background-color":"var(--ast-global-color-5)","background-image":"","background-repeat":"repeat","background-position":"center center","background-size":"auto","background-attachment":"scroll","background-type":"","background-media":"","overlay-type":"","overlay-color":"","overlay-opacity":"","overlay-gradient":""},"mobile":{"background-color":"var(--ast-global-color-5)","background-image":"","background-repeat":"repeat","background-position":"center center","background-size":"auto","background-attachment":"scroll","background-type":"","background-media":"","overlay-type":"","overlay-color":"","overlay-opacity":"","overlay-gradient":""}}},"product_brand":[],"product_cat":[37,38],"product_tag":[],"class_list":{"0":"post-600","1":"product","2":"type-product","3":"status-publish","4":"has-post-thumbnail","6":"product_cat-agrupaciones","7":"product_cat-trio","8":"desktop-align-left","9":"tablet-align-left","10":"mobile-align-left","12":"first","13":"instock","14":"taxable","15":"shipping-taxable","16":"purchasable","17":"product-type-simple"},"uagb_featured_image_src":{"full":["https:\/\/nexusempresa.com\/notasvallenatas\/wp-content\/uploads\/2026\/02\/WhatsApp-Image-2026-02-05-at-2.53.35-PM.jpeg",1600,1200,false],"thumbnail":["https:\/\/nexusempresa.com\/notasvallenatas\/wp-content\/uploads\/2026\/02\/WhatsApp-Image-2026-02-05-at-2.53.35-PM-150x150.jpeg",150,150,true],"medium":["https:\/\/nexusempresa.com\/notasvallenatas\/wp-content\/uploads\/2026\/02\/WhatsApp-Image-2026-02-05-at-2.53.35-PM-300x225.jpeg",300,225,true],"medium_large":["https:\/\/nexusempresa.com\/notasvallenatas\/wp-content\/uploads\/2026\/02\/WhatsApp-Image-2026-02-05-at-2.53.35-PM-768x576.jpeg",768,576,true],"large":["https:\/\/nexusempresa.com\/notasvallenatas\/wp-content\/uploads\/2026\/02\/WhatsApp-Image-2026-02-05-at-2.53.35-PM-1024x768.jpeg",1024,768,true],"1536x1536":["https:\/\/nexusempresa.com\/notasvallenatas\/wp-content\/uploads\/2026\/02\/WhatsApp-Image-2026-02-05-at-2.53.35-PM-1536x1152.jpeg",1536,1152,true],"2048x2048":["https:\/\/nexusempresa.com\/notasvallenatas\/wp-content\/uploads\/2026\/02\/WhatsApp-Image-2026-02-05-at-2.53.35-PM.jpeg",1600,1200,false],"woocommerce_thumbnail":["https:\/\/nexusempresa.com\/notasvallenatas\/wp-content\/uploads\/2026\/02\/WhatsApp-Image-2026-02-05-at-2.53.35-PM-300x300.jpeg",300,300,true],"woocommerce_single":["https:\/\/nexusempresa.com\/notasvallenatas\/wp-content\/uploads\/2026\/02\/WhatsApp-Image-2026-02-05-at-2.53.35-PM-600x450.jpeg",600,450,true],"woocommerce_gallery_thumbnail":["https:\/\/nexusempresa.com\/notasvallenatas\/wp-content\/uploads\/2026\/02\/WhatsApp-Image-2026-02-05-at-2.53.35-PM-100x100.jpeg",100,100,true]},"uagb_author_info":{"display_name":"dtqykeex69ms","author_link":"https:\/\/nexusempresa.com\/notasvallenatas\/author\/"},"uagb_comment_info":0,"uagb_excerpt":"Tr\u00edo tradicional con micr\u00f3fono y cabina amplificada.","_links":{"self":[{"href":"https:\/\/nexusempresa.com\/notasvallenatas\/wp-json\/wp\/v2\/product\/600","targetHints":{"allow":["GET"]}}],"collection":[{"href":"https:\/\/nexusempresa.com\/notasvallenatas\/wp-json\/wp\/v2\/product"}],"about":[{"href":"https:\/\/nexusempresa.com\/notasvallenatas\/wp-json\/wp\/v2\/types\/product"}],"replies":[{"embeddable":true,"href":"https:\/\/nexusempresa.com\/notasvallenatas\/wp-json\/wp\/v2\/comments?post=600"}],"wp:featuredmedia":[{"embeddable":true,"href":"https:\/\/nexusempresa.com\/notasvallenatas\/wp-json\/wp\/v2\/media\/472"}],"wp:attachment":[{"href":"https:\/\/nexusempresa.com\/notasvallenatas\/wp-json\/wp\/v2\/media?parent=600"}],"wp:term":[{"taxonomy":"product_brand","embeddable":true,"href":"https:\/\/nexusempresa.com\/notasvallenatas\/wp-json\/wp\/v2\/product_brand?post=600"},{"taxonomy":"product_cat","embeddable":true,"href":"https:\/\/nexusempresa.com\/notasvallenatas\/wp-json\/wp\/v2\/product_cat?post=600"},{"taxonomy":"product_tag","embeddable":true,"href":"https:\/\/nexusempresa.com\/notasvallenatas\/wp-json\/wp\/v2\/product_tag?post=600"}],"curies":[{"name":"wp","href":"https:\/\/api.w.org\/{rel}","templated":true}]}}