{"id":601,"date":"2026-03-25T13:18:43","date_gmt":"2026-03-25T18:18:43","guid":{"rendered":"https:\/\/nexusempresa.com\/notasvallenatas\/product\/conjunto-vallenato-clasico-5-integrantes-parranda\/"},"modified":"2026-03-25T14:04:18","modified_gmt":"2026-03-25T19:04:18","slug":"conjunto-vallenato-clasico-5-integrantes-parranda","status":"publish","type":"product","link":"https:\/\/nexusempresa.com\/notasvallenatas\/product\/conjunto-vallenato-clasico-5-integrantes-parranda\/","title":{"rendered":"Conjunto Vallenato Cl\u00e1sico (5 Integrantes) &#8211; Parranda"},"content":{"rendered":"<p>Siente el poder completo de la m\u00fasica vallenata para animar a tus invitados. Formato de 5 m\u00fasicos (Acorde\u00f3n, Caja, Guacharaca, Bajo El\u00e9ctrico y Voz\/Coros). INCLUYE: Sonido profesional en columna, show interactivo de pitos, 1 botella de Aguardiente\/Ron de cortes\u00eda para romper el hielo y transporte urbano.<\/p>\n","protected":false},"excerpt":{"rendered":"<p>El formato preferido para fiestas. Incluye bajo, coros y botella de licor.<\/p>\n","protected":false},"featured_media":402,"comment_status":"open","ping_status":"closed","template":"","meta":{"_uag_custom_page_level_css":"","site-sidebar-layout":"default","site-content-layout":"","ast-site-content-layout":"default","site-content-style":"default","site-sidebar-style":"default","ast-global-header-display":"","ast-banner-title-visibility":"","ast-main-header-display":"","ast-hfb-above-header-display":"","ast-hfb-below-header-display":"","ast-hfb-mobile-header-display":"","site-post-title":"","ast-breadcrumbs-content":"","ast-featured-img":"","footer-sml-layout":"","ast-disable-related-posts":"","theme-transparent-header-meta":"default","adv-header-id-meta":"","stick-header-meta":"","header-above-stick-meta":"","header-main-stick-meta":"","header-below-stick-meta":"","astra-migrate-meta-layouts":"set","ast-page-background-enabled":"default","ast-page-background-meta":{"desktop":{"background-color":"var(--ast-global-color-4)","background-image":"","background-repeat":"repeat","background-position":"center center","background-size":"auto","background-attachment":"scroll","background-type":"","background-media":"","overlay-type":"","overlay-color":"","overlay-opacity":"","overlay-gradient":""},"tablet":{"background-color":"","background-image":"","background-repeat":"repeat","background-position":"center center","background-size":"auto","background-attachment":"scroll","background-type":"","background-media":"","overlay-type":"","overlay-color":"","overlay-opacity":"","overlay-gradient":""},"mobile":{"background-color":"","background-image":"","background-repeat":"repeat","background-position":"center center","background-size":"auto","background-attachment":"scroll","background-type":"","background-media":"","overlay-type":"","overlay-color":"","overlay-opacity":"","overlay-gradient":""}},"ast-content-background-meta":{"desktop":{"background-color":"var(--ast-global-color-5)","background-image":"","background-repeat":"repeat","background-position":"center center","background-size":"auto","background-attachment":"scroll","background-type":"","background-media":"","overlay-type":"","overlay-color":"","overlay-opacity":"","overlay-gradient":""},"tablet":{"background-color":"var(--ast-global-color-5)","background-image":"","background-repeat":"repeat","background-position":"center center","background-size":"auto","background-attachment":"scroll","background-type":"","background-media":"","overlay-type":"","overlay-color":"","overlay-opacity":"","overlay-gradient":""},"mobile":{"background-color":"var(--ast-global-color-5)","background-image":"","background-repeat":"repeat","background-position":"center center","background-size":"auto","background-attachment":"scroll","background-type":"","background-media":"","overlay-type":"","overlay-color":"","overlay-opacity":"","overlay-gradient":""}}},"product_brand":[],"product_cat":[37,39],"product_tag":[],"class_list":{"0":"post-601","1":"product","2":"type-product","3":"status-publish","4":"has-post-thumbnail","6":"product_cat-agrupaciones","7":"product_cat-conjunto","8":"desktop-align-left","9":"tablet-align-left","10":"mobile-align-left","12":"first","13":"instock","14":"taxable","15":"shipping-taxable","16":"purchasable","17":"product-type-simple"},"uagb_featured_image_src":{"full":["https:\/\/nexusempresa.com\/notasvallenatas\/wp-content\/uploads\/2025\/12\/WhatsApp-Image-2025-12-15-at-2.43.33-PM.jpeg",1152,648,false],"thumbnail":["https:\/\/nexusempresa.com\/notasvallenatas\/wp-content\/uploads\/2025\/12\/WhatsApp-Image-2025-12-15-at-2.43.33-PM-150x150.jpeg",150,150,true],"medium":["https:\/\/nexusempresa.com\/notasvallenatas\/wp-content\/uploads\/2025\/12\/WhatsApp-Image-2025-12-15-at-2.43.33-PM-300x169.jpeg",300,169,true],"medium_large":["https:\/\/nexusempresa.com\/notasvallenatas\/wp-content\/uploads\/2025\/12\/WhatsApp-Image-2025-12-15-at-2.43.33-PM-768x432.jpeg",768,432,true],"large":["https:\/\/nexusempresa.com\/notasvallenatas\/wp-content\/uploads\/2025\/12\/WhatsApp-Image-2025-12-15-at-2.43.33-PM-1024x576.jpeg",1024,576,true],"1536x1536":["https:\/\/nexusempresa.com\/notasvallenatas\/wp-content\/uploads\/2025\/12\/WhatsApp-Image-2025-12-15-at-2.43.33-PM.jpeg",1152,648,false],"2048x2048":["https:\/\/nexusempresa.com\/notasvallenatas\/wp-content\/uploads\/2025\/12\/WhatsApp-Image-2025-12-15-at-2.43.33-PM.jpeg",1152,648,false],"woocommerce_thumbnail":["https:\/\/nexusempresa.com\/notasvallenatas\/wp-content\/uploads\/2025\/12\/WhatsApp-Image-2025-12-15-at-2.43.33-PM-300x300.jpeg",300,300,true],"woocommerce_single":["https:\/\/nexusempresa.com\/notasvallenatas\/wp-content\/uploads\/2025\/12\/WhatsApp-Image-2025-12-15-at-2.43.33-PM-600x338.jpeg",600,338,true],"woocommerce_gallery_thumbnail":["https:\/\/nexusempresa.com\/notasvallenatas\/wp-content\/uploads\/2025\/12\/WhatsApp-Image-2025-12-15-at-2.43.33-PM-100x100.jpeg",100,100,true]},"uagb_author_info":{"display_name":"dtqykeex69ms","author_link":"https:\/\/nexusempresa.com\/notasvallenatas\/author\/"},"uagb_comment_info":0,"uagb_excerpt":"El formato preferido para fiestas. Incluye bajo, coros y botella de licor.","_links":{"self":[{"href":"https:\/\/nexusempresa.com\/notasvallenatas\/wp-json\/wp\/v2\/product\/601","targetHints":{"allow":["GET"]}}],"collection":[{"href":"https:\/\/nexusempresa.com\/notasvallenatas\/wp-json\/wp\/v2\/product"}],"about":[{"href":"https:\/\/nexusempresa.com\/notasvallenatas\/wp-json\/wp\/v2\/types\/product"}],"replies":[{"embeddable":true,"href":"https:\/\/nexusempresa.com\/notasvallenatas\/wp-json\/wp\/v2\/comments?post=601"}],"wp:featuredmedia":[{"embeddable":true,"href":"https:\/\/nexusempresa.com\/notasvallenatas\/wp-json\/wp\/v2\/media\/402"}],"wp:attachment":[{"href":"https:\/\/nexusempresa.com\/notasvallenatas\/wp-json\/wp\/v2\/media?parent=601"}],"wp:term":[{"taxonomy":"product_brand","embeddable":true,"href":"https:\/\/nexusempresa.com\/notasvallenatas\/wp-json\/wp\/v2\/product_brand?post=601"},{"taxonomy":"product_cat","embeddable":true,"href":"https:\/\/nexusempresa.com\/notasvallenatas\/wp-json\/wp\/v2\/product_cat?post=601"},{"taxonomy":"product_tag","embeddable":true,"href":"https:\/\/nexusempresa.com\/notasvallenatas\/wp-json\/wp\/v2\/product_tag?post=601"}],"curies":[{"name":"wp","href":"https:\/\/api.w.org\/{rel}","templated":true}]}}