{"id":602,"date":"2026-03-25T13:18:44","date_gmt":"2026-03-25T18:18:44","guid":{"rendered":"https:\/\/nexusempresa.com\/notasvallenatas\/product\/orquesta-vallenata-premium-9-integrantes-bodas-eventos\/"},"modified":"2026-03-25T13:54:04","modified_gmt":"2026-03-25T18:54:04","slug":"orquesta-vallenata-premium-9-integrantes-bodas-eventos","status":"publish","type":"product","link":"https:\/\/nexusempresa.com\/notasvallenatas\/product\/orquesta-vallenata-premium-9-integrantes-bodas-eventos\/","title":{"rendered":"Orquesta Vallenata Premium  Bodas\/Eventos"},"content":{"rendered":"<p>Orquesta vallenata de alto impacto. 9 m\u00fasicos (Bajo, Congas, Timbales, Guitarras, Acorde\u00f3n, Caja, Guacharaca, Coros y Voz L\u00edder). INCLUYE: Sonido Line Array para 150 personas, Iluminaci\u00f3n LED, Kit &#8216;Hora Loca Vallenata&#8217; (Sombreros vueltiaos y pitos para los invitados), y registro fotogr\u00e1fico b\u00e1sico del show.<\/p>\n","protected":false},"excerpt":{"rendered":"<p>La experiencia definitiva. Banda completa estilo concierto VIP.<\/p>\n","protected":false},"featured_media":396,"comment_status":"open","ping_status":"closed","template":"","meta":{"_uag_custom_page_level_css":"","site-sidebar-layout":"default","site-content-layout":"","ast-site-content-layout":"default","site-content-style":"default","site-sidebar-style":"default","ast-global-header-display":"","ast-banner-title-visibility":"","ast-main-header-display":"","ast-hfb-above-header-display":"","ast-hfb-below-header-display":"","ast-hfb-mobile-header-display":"","site-post-title":"","ast-breadcrumbs-content":"","ast-featured-img":"","footer-sml-layout":"","ast-disable-related-posts":"","theme-transparent-header-meta":"default","adv-header-id-meta":"","stick-header-meta":"","header-above-stick-meta":"","header-main-stick-meta":"","header-below-stick-meta":"","astra-migrate-meta-layouts":"set","ast-page-background-enabled":"default","ast-page-background-meta":{"desktop":{"background-color":"var(--ast-global-color-4)","background-image":"","background-repeat":"repeat","background-position":"center center","background-size":"auto","background-attachment":"scroll","background-type":"","background-media":"","overlay-type":"","overlay-color":"","overlay-opacity":"","overlay-gradient":""},"tablet":{"background-color":"","background-image":"","background-repeat":"repeat","background-position":"center center","background-size":"auto","background-attachment":"scroll","background-type":"","background-media":"","overlay-type":"","overlay-color":"","overlay-opacity":"","overlay-gradient":""},"mobile":{"background-color":"","background-image":"","background-repeat":"repeat","background-position":"center center","background-size":"auto","background-attachment":"scroll","background-type":"","background-media":"","overlay-type":"","overlay-color":"","overlay-opacity":"","overlay-gradient":""}},"ast-content-background-meta":{"desktop":{"background-color":"var(--ast-global-color-5)","background-image":"","background-repeat":"repeat","background-position":"center center","background-size":"auto","background-attachment":"scroll","background-type":"","background-media":"","overlay-type":"","overlay-color":"","overlay-opacity":"","overlay-gradient":""},"tablet":{"background-color":"var(--ast-global-color-5)","background-image":"","background-repeat":"repeat","background-position":"center center","background-size":"auto","background-attachment":"scroll","background-type":"","background-media":"","overlay-type":"","overlay-color":"","overlay-opacity":"","overlay-gradient":""},"mobile":{"background-color":"var(--ast-global-color-5)","background-image":"","background-repeat":"repeat","background-position":"center center","background-size":"auto","background-attachment":"scroll","background-type":"","background-media":"","overlay-type":"","overlay-color":"","overlay-opacity":"","overlay-gradient":""}}},"product_brand":[],"product_cat":[37,40],"product_tag":[],"class_list":{"0":"post-602","1":"product","2":"type-product","3":"status-publish","4":"has-post-thumbnail","6":"product_cat-agrupaciones","7":"product_cat-premium","8":"desktop-align-left","9":"tablet-align-left","10":"mobile-align-left","12":"first","13":"instock","14":"taxable","15":"shipping-taxable","16":"purchasable","17":"product-type-simple"},"uagb_featured_image_src":{"full":["https:\/\/nexusempresa.com\/notasvallenatas\/wp-content\/uploads\/2025\/12\/WhatsApp-Image-2025-12-15-at-3.28.50-PM.jpeg",1040,780,false],"thumbnail":["https:\/\/nexusempresa.com\/notasvallenatas\/wp-content\/uploads\/2025\/12\/WhatsApp-Image-2025-12-15-at-3.28.50-PM-150x150.jpeg",150,150,true],"medium":["https:\/\/nexusempresa.com\/notasvallenatas\/wp-content\/uploads\/2025\/12\/WhatsApp-Image-2025-12-15-at-3.28.50-PM-300x225.jpeg",300,225,true],"medium_large":["https:\/\/nexusempresa.com\/notasvallenatas\/wp-content\/uploads\/2025\/12\/WhatsApp-Image-2025-12-15-at-3.28.50-PM-768x576.jpeg",768,576,true],"large":["https:\/\/nexusempresa.com\/notasvallenatas\/wp-content\/uploads\/2025\/12\/WhatsApp-Image-2025-12-15-at-3.28.50-PM-1024x768.jpeg",1024,768,true],"1536x1536":["https:\/\/nexusempresa.com\/notasvallenatas\/wp-content\/uploads\/2025\/12\/WhatsApp-Image-2025-12-15-at-3.28.50-PM.jpeg",1040,780,false],"2048x2048":["https:\/\/nexusempresa.com\/notasvallenatas\/wp-content\/uploads\/2025\/12\/WhatsApp-Image-2025-12-15-at-3.28.50-PM.jpeg",1040,780,false],"woocommerce_thumbnail":["https:\/\/nexusempresa.com\/notasvallenatas\/wp-content\/uploads\/2025\/12\/WhatsApp-Image-2025-12-15-at-3.28.50-PM-300x300.jpeg",300,300,true],"woocommerce_single":["https:\/\/nexusempresa.com\/notasvallenatas\/wp-content\/uploads\/2025\/12\/WhatsApp-Image-2025-12-15-at-3.28.50-PM-600x450.jpeg",600,450,true],"woocommerce_gallery_thumbnail":["https:\/\/nexusempresa.com\/notasvallenatas\/wp-content\/uploads\/2025\/12\/WhatsApp-Image-2025-12-15-at-3.28.50-PM-100x100.jpeg",100,100,true]},"uagb_author_info":{"display_name":"dtqykeex69ms","author_link":"https:\/\/nexusempresa.com\/notasvallenatas\/author\/"},"uagb_comment_info":0,"uagb_excerpt":"La experiencia definitiva. Banda completa estilo concierto VIP.","_links":{"self":[{"href":"https:\/\/nexusempresa.com\/notasvallenatas\/wp-json\/wp\/v2\/product\/602","targetHints":{"allow":["GET"]}}],"collection":[{"href":"https:\/\/nexusempresa.com\/notasvallenatas\/wp-json\/wp\/v2\/product"}],"about":[{"href":"https:\/\/nexusempresa.com\/notasvallenatas\/wp-json\/wp\/v2\/types\/product"}],"replies":[{"embeddable":true,"href":"https:\/\/nexusempresa.com\/notasvallenatas\/wp-json\/wp\/v2\/comments?post=602"}],"wp:featuredmedia":[{"embeddable":true,"href":"https:\/\/nexusempresa.com\/notasvallenatas\/wp-json\/wp\/v2\/media\/396"}],"wp:attachment":[{"href":"https:\/\/nexusempresa.com\/notasvallenatas\/wp-json\/wp\/v2\/media?parent=602"}],"wp:term":[{"taxonomy":"product_brand","embeddable":true,"href":"https:\/\/nexusempresa.com\/notasvallenatas\/wp-json\/wp\/v2\/product_brand?post=602"},{"taxonomy":"product_cat","embeddable":true,"href":"https:\/\/nexusempresa.com\/notasvallenatas\/wp-json\/wp\/v2\/product_cat?post=602"},{"taxonomy":"product_tag","embeddable":true,"href":"https:\/\/nexusempresa.com\/notasvallenatas\/wp-json\/wp\/v2\/product_tag?post=602"}],"curies":[{"name":"wp","href":"https:\/\/api.w.org\/{rel}","templated":true}]}}