{"id":605,"date":"2026-03-25T13:18:46","date_gmt":"2026-03-25T18:18:46","guid":{"rendered":"https:\/\/nexusempresa.com\/notasvallenatas\/product\/adicional-paquete-de-sonido-profesional-y-luces\/"},"modified":"2026-03-25T13:22:34","modified_gmt":"2026-03-25T18:22:34","slug":"adicional-paquete-de-sonido-profesional-y-luces","status":"publish","type":"product","link":"https:\/\/nexusempresa.com\/notasvallenatas\/product\/adicional-paquete-de-sonido-profesional-y-luces\/","title":{"rendered":"Adicional: Paquete de Sonido Profesional y Luces"},"content":{"rendered":"<p>\u00bfElegiste un grupo peque\u00f1o pero el lugar result\u00f3 ser muy grande? Contrata este adicional: Cabinas activas de 1000W, mezclador profesional, micr\u00f3fonos Shure y un par de luces LED audior\u00edtmicas para ambientar la zona del grupo.<\/p>\n","protected":false},"excerpt":{"rendered":"<p>Mejora un paquete ac\u00fastico con sonido potente y luces audior\u00edtmicas.<\/p>\n","protected":false},"featured_media":607,"comment_status":"open","ping_status":"closed","template":"","meta":{"_uag_custom_page_level_css":"","site-sidebar-layout":"default","site-content-layout":"","ast-site-content-layout":"default","site-content-style":"default","site-sidebar-style":"default","ast-global-header-display":"","ast-banner-title-visibility":"","ast-main-header-display":"","ast-hfb-above-header-display":"","ast-hfb-below-header-display":"","ast-hfb-mobile-header-display":"","site-post-title":"","ast-breadcrumbs-content":"","ast-featured-img":"","footer-sml-layout":"","ast-disable-related-posts":"","theme-transparent-header-meta":"default","adv-header-id-meta":"","stick-header-meta":"","header-above-stick-meta":"","header-main-stick-meta":"","header-below-stick-meta":"","astra-migrate-meta-layouts":"set","ast-page-background-enabled":"default","ast-page-background-meta":{"desktop":{"background-color":"var(--ast-global-color-4)","background-image":"","background-repeat":"repeat","background-position":"center center","background-size":"auto","background-attachment":"scroll","background-type":"","background-media":"","overlay-type":"","overlay-color":"","overlay-opacity":"","overlay-gradient":""},"tablet":{"background-color":"","background-image":"","background-repeat":"repeat","background-position":"center center","background-size":"auto","background-attachment":"scroll","background-type":"","background-media":"","overlay-type":"","overlay-color":"","overlay-opacity":"","overlay-gradient":""},"mobile":{"background-color":"","background-image":"","background-repeat":"repeat","background-position":"center center","background-size":"auto","background-attachment":"scroll","background-type":"","background-media":"","overlay-type":"","overlay-color":"","overlay-opacity":"","overlay-gradient":""}},"ast-content-background-meta":{"desktop":{"background-color":"var(--ast-global-color-5)","background-image":"","background-repeat":"repeat","background-position":"center center","background-size":"auto","background-attachment":"scroll","background-type":"","background-media":"","overlay-type":"","overlay-color":"","overlay-opacity":"","overlay-gradient":""},"tablet":{"background-color":"var(--ast-global-color-5)","background-image":"","background-repeat":"repeat","background-position":"center center","background-size":"auto","background-attachment":"scroll","background-type":"","background-media":"","overlay-type":"","overlay-color":"","overlay-opacity":"","overlay-gradient":""},"mobile":{"background-color":"var(--ast-global-color-5)","background-image":"","background-repeat":"repeat","background-position":"center center","background-size":"auto","background-attachment":"scroll","background-type":"","background-media":"","overlay-type":"","overlay-color":"","overlay-opacity":"","overlay-gradient":""}}},"product_brand":[],"product_cat":[43,44],"product_tag":[],"class_list":{"0":"post-605","1":"product","2":"type-product","3":"status-publish","4":"has-post-thumbnail","6":"product_cat-adicionales","7":"product_cat-logistica","8":"desktop-align-left","9":"tablet-align-left","10":"mobile-align-left","12":"first","13":"instock","14":"taxable","15":"shipping-taxable","16":"purchasable","17":"product-type-simple"},"uagb_featured_image_src":{"full":["https:\/\/nexusempresa.com\/notasvallenatas\/wp-content\/uploads\/2026\/03\/g055cbf17b8263db116c331032dfe2add7d1fee941fe2e2f9625814edd9581661556db2369f6f1579b2eedfe95232fa4ae5a47f9d63a16137d50b3edb0430b379_1280-4658068.jpg",960,1280,false],"thumbnail":["https:\/\/nexusempresa.com\/notasvallenatas\/wp-content\/uploads\/2026\/03\/g055cbf17b8263db116c331032dfe2add7d1fee941fe2e2f9625814edd9581661556db2369f6f1579b2eedfe95232fa4ae5a47f9d63a16137d50b3edb0430b379_1280-4658068-150x150.jpg",150,150,true],"medium":["https:\/\/nexusempresa.com\/notasvallenatas\/wp-content\/uploads\/2026\/03\/g055cbf17b8263db116c331032dfe2add7d1fee941fe2e2f9625814edd9581661556db2369f6f1579b2eedfe95232fa4ae5a47f9d63a16137d50b3edb0430b379_1280-4658068-225x300.jpg",225,300,true],"medium_large":["https:\/\/nexusempresa.com\/notasvallenatas\/wp-content\/uploads\/2026\/03\/g055cbf17b8263db116c331032dfe2add7d1fee941fe2e2f9625814edd9581661556db2369f6f1579b2eedfe95232fa4ae5a47f9d63a16137d50b3edb0430b379_1280-4658068-768x1024.jpg",768,1024,true],"large":["https:\/\/nexusempresa.com\/notasvallenatas\/wp-content\/uploads\/2026\/03\/g055cbf17b8263db116c331032dfe2add7d1fee941fe2e2f9625814edd9581661556db2369f6f1579b2eedfe95232fa4ae5a47f9d63a16137d50b3edb0430b379_1280-4658068-768x1024.jpg",768,1024,true],"1536x1536":["https:\/\/nexusempresa.com\/notasvallenatas\/wp-content\/uploads\/2026\/03\/g055cbf17b8263db116c331032dfe2add7d1fee941fe2e2f9625814edd9581661556db2369f6f1579b2eedfe95232fa4ae5a47f9d63a16137d50b3edb0430b379_1280-4658068.jpg",960,1280,false],"2048x2048":["https:\/\/nexusempresa.com\/notasvallenatas\/wp-content\/uploads\/2026\/03\/g055cbf17b8263db116c331032dfe2add7d1fee941fe2e2f9625814edd9581661556db2369f6f1579b2eedfe95232fa4ae5a47f9d63a16137d50b3edb0430b379_1280-4658068.jpg",960,1280,false],"woocommerce_thumbnail":["https:\/\/nexusempresa.com\/notasvallenatas\/wp-content\/uploads\/2026\/03\/g055cbf17b8263db116c331032dfe2add7d1fee941fe2e2f9625814edd9581661556db2369f6f1579b2eedfe95232fa4ae5a47f9d63a16137d50b3edb0430b379_1280-4658068-300x300.jpg",300,300,true],"woocommerce_single":["https:\/\/nexusempresa.com\/notasvallenatas\/wp-content\/uploads\/2026\/03\/g055cbf17b8263db116c331032dfe2add7d1fee941fe2e2f9625814edd9581661556db2369f6f1579b2eedfe95232fa4ae5a47f9d63a16137d50b3edb0430b379_1280-4658068-600x800.jpg",600,800,true],"woocommerce_gallery_thumbnail":["https:\/\/nexusempresa.com\/notasvallenatas\/wp-content\/uploads\/2026\/03\/g055cbf17b8263db116c331032dfe2add7d1fee941fe2e2f9625814edd9581661556db2369f6f1579b2eedfe95232fa4ae5a47f9d63a16137d50b3edb0430b379_1280-4658068-100x100.jpg",100,100,true]},"uagb_author_info":{"display_name":"dtqykeex69ms","author_link":"https:\/\/nexusempresa.com\/notasvallenatas\/author\/"},"uagb_comment_info":0,"uagb_excerpt":"Mejora un paquete ac\u00fastico con sonido potente y luces audior\u00edtmicas.","_links":{"self":[{"href":"https:\/\/nexusempresa.com\/notasvallenatas\/wp-json\/wp\/v2\/product\/605","targetHints":{"allow":["GET"]}}],"collection":[{"href":"https:\/\/nexusempresa.com\/notasvallenatas\/wp-json\/wp\/v2\/product"}],"about":[{"href":"https:\/\/nexusempresa.com\/notasvallenatas\/wp-json\/wp\/v2\/types\/product"}],"replies":[{"embeddable":true,"href":"https:\/\/nexusempresa.com\/notasvallenatas\/wp-json\/wp\/v2\/comments?post=605"}],"wp:featuredmedia":[{"embeddable":true,"href":"https:\/\/nexusempresa.com\/notasvallenatas\/wp-json\/wp\/v2\/media\/607"}],"wp:attachment":[{"href":"https:\/\/nexusempresa.com\/notasvallenatas\/wp-json\/wp\/v2\/media?parent=605"}],"wp:term":[{"taxonomy":"product_brand","embeddable":true,"href":"https:\/\/nexusempresa.com\/notasvallenatas\/wp-json\/wp\/v2\/product_brand?post=605"},{"taxonomy":"product_cat","embeddable":true,"href":"https:\/\/nexusempresa.com\/notasvallenatas\/wp-json\/wp\/v2\/product_cat?post=605"},{"taxonomy":"product_tag","embeddable":true,"href":"https:\/\/nexusempresa.com\/notasvallenatas\/wp-json\/wp\/v2\/product_tag?post=605"}],"curies":[{"name":"wp","href":"https:\/\/api.w.org\/{rel}","templated":true}]}}